{"id":98,"date":"2012-05-14T02:20:09","date_gmt":"2012-05-14T05:20:09","guid":{"rendered":"http:\/\/www.lugarvazio.com.br\/blog\/?page_id=98"},"modified":"2022-07-09T22:58:08","modified_gmt":"2022-07-10T01:58:08","slug":"portal_mg","status":"publish","type":"page","link":"https:\/\/www.lugarvazio.com.br\/blog\/estados\/portal_mg\/","title":{"rendered":"Portal Minas Gerais"},"content":{"rendered":"<p><img loading=\"lazy\" decoding=\"async\" class=\"alignleft size-full wp-image-1263\" title=\"Bandeira Minas Gerais\" src=\"http:\/\/www.lugarvazio.com.br\/img\/2012\/10\/200px-Bandeira_de_Minas_Gerais.svg1_.png\" alt=\"Minas Gerais\" width=\"200\" height=\"140\" srcset=\"https:\/\/www.lugarvazio.com.br\/img\/2012\/10\/200px-Bandeira_de_Minas_Gerais.svg1_.png 200w, https:\/\/www.lugarvazio.com.br\/img\/2012\/10\/200px-Bandeira_de_Minas_Gerais.svg1_-80x56.png 80w, https:\/\/www.lugarvazio.com.br\/img\/2012\/10\/200px-Bandeira_de_Minas_Gerais.svg1_-150x105.png 150w\" sizes=\"auto, (max-width: 200px) 100vw, 200px\" \/>Portal do estado de Minas Gerais. Estado da Regi\u00e3o Sudeste tradicional pelas montanhas, clima ameno, comida t\u00edpica e hist\u00f3ria, possui divisas ao sul e sudoeste com o estado de S\u00e3o Paulo, a oeste com o Mato Grosso do Sul, a noroeste com Goi\u00e1s e Distrito Federal, a leste com o Esp\u00edrito Santo, a norte e nordeste com a Bahia e\u00a0a sudeste com o Rio de Janeiro. A capital do estado \u00e9 Belo Horizonte. Links \u00fateis para consulta:<\/p>\n<ul>\n<li><strong><a title=\"Portal do Servidor SEPLAG MG\" href=\"https:\/\/www.portaldoservidor.mg.gov.br\" target=\"_blank\" rel=\"noopener\">Portal do Servidor<\/a><\/strong> &#8211; consulta a dados de f\u00e9rias, recibos, movimenta\u00e7\u00f5es e outros (SEPLAG)<\/li>\n<li><strong><a title=\"Governo do Estado de Minas Gerais\" href=\"http:\/\/mg.gov.br\" target=\"_blank\" rel=\"noopener\">Governo do Estado<\/a><\/strong><\/li>\n<li><strong><a title=\"DETRAN MG\" href=\"http:\/\/www.detrannet.mg.gov.br\" target=\"_blank\" rel=\"noopener\">Detran MG<\/a>\u00a0&#8211;\u00a0<\/strong>IPVA, multas, consultas de ve\u00edculos<\/li>\n<li><a title=\"P\u00e1gina de Minas Gerais na Wikipedia\" href=\"http:\/\/pt.wikipedia.org\/wiki\/Minas_Gerais\" target=\"_blank\" rel=\"noopener\"><strong>Wikipedia<\/strong><\/a> &#8211; conhe\u00e7a Minas Gerais<\/li>\n<\/ul>\n","protected":false},"excerpt":{"rendered":"<p>Portal do estado de Minas Gerais. Estado da Regi\u00e3o Sudeste tradicional pelas montanhas, clima ameno, comida t\u00edpica e hist\u00f3ria, possui divisas ao sul e sudoeste com o estado de S\u00e3o Paulo, a oeste com o Mato Grosso do Sul, a noroeste com Goi\u00e1s e Distrito Federal, a leste com o Esp\u00edrito Santo, a norte e [&hellip;]<\/p>\n","protected":false},"author":2,"featured_media":0,"parent":105,"menu_order":0,"comment_status":"closed","ping_status":"closed","template":"","meta":{"ngg_post_thumbnail":0,"footnotes":""},"class_list":["post-98","page","type-page","status-publish","hentry"],"aioseo_notices":[],"_links":{"self":[{"href":"https:\/\/www.lugarvazio.com.br\/blog\/wp-json\/wp\/v2\/pages\/98","targetHints":{"allow":["GET"]}}],"collection":[{"href":"https:\/\/www.lugarvazio.com.br\/blog\/wp-json\/wp\/v2\/pages"}],"about":[{"href":"https:\/\/www.lugarvazio.com.br\/blog\/wp-json\/wp\/v2\/types\/page"}],"author":[{"embeddable":true,"href":"https:\/\/www.lugarvazio.com.br\/blog\/wp-json\/wp\/v2\/users\/2"}],"replies":[{"embeddable":true,"href":"https:\/\/www.lugarvazio.com.br\/blog\/wp-json\/wp\/v2\/comments?post=98"}],"version-history":[{"count":0,"href":"https:\/\/www.lugarvazio.com.br\/blog\/wp-json\/wp\/v2\/pages\/98\/revisions"}],"up":[{"embeddable":true,"href":"https:\/\/www.lugarvazio.com.br\/blog\/wp-json\/wp\/v2\/pages\/105"}],"wp:attachment":[{"href":"https:\/\/www.lugarvazio.com.br\/blog\/wp-json\/wp\/v2\/media?parent=98"}],"curies":[{"name":"wp","href":"https:\/\/api.w.org\/{rel}","templated":true}]}}