{"id":658,"date":"2012-07-18T16:50:06","date_gmt":"2012-07-18T19:50:06","guid":{"rendered":"http:\/\/www.lugarvazio.com.br\/blog\/?page_id=658"},"modified":"2012-07-18T16:50:06","modified_gmt":"2012-07-18T19:50:06","slug":"portal-de-santa-catarina","status":"publish","type":"page","link":"https:\/\/www.lugarvazio.com.br\/blog\/estados\/portal-de-santa-catarina\/","title":{"rendered":"Portal de Santa Catarina"},"content":{"rendered":"<div style=\"width: 210px\" class=\"wp-caption alignleft\"><img loading=\"lazy\" decoding=\"async\" title=\"Bandeira Estado de Santa Catarina\" src=\"http:\/\/www.lugarvazio.com.br\/img\/200px-Bandeira_Santa_Catarina.svg.png\" alt=\"\" width=\"200\" height=\"145\" \/><p class=\"wp-caption-text\">Bandeira Estado de Santa Catarina<\/p><\/div>\n<p>Portal do estado de Santa Catarina. Estado litor\u00e2neo com belas paisagens naturais e forte tradi\u00e7\u00e3o alem\u00e3 e italiana. Localizado na Regi\u00e3o Sul entre o estado do Paran\u00e1 ao norte, o oceano Atl\u00e2ntico ao leste, o estado do Rio Grande do Sul ao sul e a Argentina a oeste. A cidade de Florian\u00f3polis \u00e9 a capital do estado. A cidades mais populosa do estado \u00e9 Joinville. Links \u00fateis para consulta:<\/p>\n<p>&nbsp;<\/p>\n<ul>\n<li><strong><a title=\"Governo SC\" href=\"http:\/\/www.sc.gov.br\/\" target=\"_blank\">Governo do Estado<\/a><\/strong><\/li>\n<li><strong><a title=\"Sistema de RH  - Santa Catarina\" href=\"https:\/\/consultas.ciasc.gov.br\/rh\/frameacesso.htm\" target=\"_blank\">Contracheque servidor do estado<\/a><\/strong>\u00a0\u2013 Portal RH<\/li>\n<li><strong><a title=\"IPVA SC\" href=\"http:\/\/consultas.ciasc.gov.br\/ipva\" target=\"_blank\">Consulta IPVA<\/a><\/strong> &#8211; consulta IPVA<\/li>\n<li><strong><a title=\"Multas SC\" href=\"http:\/\/consultas.ciasc.gov.br\/detran\/multas\" target=\"_blank\">Consulta de multas<\/a><\/strong> &#8211; verifique as multas do seu ve\u00edculo<strong><\/strong><\/li>\n<li><strong><a title=\"Mapa interativo\" href=\"http:\/\/www.mapainterativo.ciasc.gov.br\/\" target=\"_blank\">Mapa Interativo<\/a><\/strong> &#8211; mapa interativo de Santa Catarina com condi\u00e7\u00f5es das rodovias<\/li>\n<li><a title=\"Estado de Santa Catarina\" href=\"http:\/\/pt.wikipedia.org\/wiki\/Santa_Catarina\" target=\"_blank\"><strong>Wikipedia<\/strong><\/a>\u00a0&#8211; p\u00e1gina de informa\u00e7\u00f5es sobre o estado<\/li>\n<\/ul>\n<p>&nbsp;<\/p>\n","protected":false},"excerpt":{"rendered":"<p>Portal do estado de Santa Catarina. Estado litor\u00e2neo com belas paisagens naturais e forte tradi\u00e7\u00e3o alem\u00e3 e italiana. Localizado na Regi\u00e3o Sul entre o estado do Paran\u00e1 ao norte, o oceano Atl\u00e2ntico ao leste, o estado do Rio Grande do Sul ao sul e a Argentina a oeste. A cidade de Florian\u00f3polis \u00e9 a capital [&hellip;]<\/p>\n","protected":false},"author":2,"featured_media":0,"parent":105,"menu_order":0,"comment_status":"closed","ping_status":"closed","template":"","meta":{"ngg_post_thumbnail":0,"footnotes":""},"class_list":["post-658","page","type-page","status-publish","hentry"],"aioseo_notices":[],"_links":{"self":[{"href":"https:\/\/www.lugarvazio.com.br\/blog\/wp-json\/wp\/v2\/pages\/658","targetHints":{"allow":["GET"]}}],"collection":[{"href":"https:\/\/www.lugarvazio.com.br\/blog\/wp-json\/wp\/v2\/pages"}],"about":[{"href":"https:\/\/www.lugarvazio.com.br\/blog\/wp-json\/wp\/v2\/types\/page"}],"author":[{"embeddable":true,"href":"https:\/\/www.lugarvazio.com.br\/blog\/wp-json\/wp\/v2\/users\/2"}],"replies":[{"embeddable":true,"href":"https:\/\/www.lugarvazio.com.br\/blog\/wp-json\/wp\/v2\/comments?post=658"}],"version-history":[{"count":0,"href":"https:\/\/www.lugarvazio.com.br\/blog\/wp-json\/wp\/v2\/pages\/658\/revisions"}],"up":[{"embeddable":true,"href":"https:\/\/www.lugarvazio.com.br\/blog\/wp-json\/wp\/v2\/pages\/105"}],"wp:attachment":[{"href":"https:\/\/www.lugarvazio.com.br\/blog\/wp-json\/wp\/v2\/media?parent=658"}],"curies":[{"name":"wp","href":"https:\/\/api.w.org\/{rel}","templated":true}]}}