{"id":594,"date":"2012-06-24T14:44:55","date_gmt":"2012-06-24T17:44:55","guid":{"rendered":"http:\/\/www.lugarvazio.com.br\/blog\/?page_id=594"},"modified":"2013-06-01T17:03:01","modified_gmt":"2013-06-01T20:03:01","slug":"portal-do-rio-grande-do-sul","status":"publish","type":"page","link":"https:\/\/www.lugarvazio.com.br\/blog\/estados\/portal-do-rio-grande-do-sul\/","title":{"rendered":"Portal do Rio Grande do Sul"},"content":{"rendered":"<p>&nbsp;<\/p>\n<p><img loading=\"lazy\" decoding=\"async\" class=\" alignleft\" style=\"border: 5px solid white;\" title=\"Rio Grande do Sul\" alt=\"\" src=\"http:\/\/www.lugarvazio.com.br\/img\/Bandeira_do_Rio_Grande_do_Sul.png\" width=\"200\" height=\"140\" \/><\/p>\n<h2>Portal do Estado do Rio Grande do Sul<\/h2>\n<p>Estado litor\u00e2neo com rica tradi\u00e7\u00e3o, bela hist\u00f3ria e belas paisagens naturais. Localizado na Regi\u00e3o Sul entre o estado de Santa Catarina ao norte, o oceano Atl\u00e2ntico ao leste, o Uruguai ao sul e a Argentina a oeste. A cidade de Porto Alegre \u00e9 a capital do estado. As cidades mais populosas s\u00e3o: Porto Alegre, Caxias do Sul, Pelotas, Canoas e Santa Maria.<\/p>\n<p>&nbsp;<\/p>\n<p>Servi\u00e7os e informa\u00e7\u00f5es \u00fateis sobre o estado:<\/p>\n<p>&nbsp;<\/p>\n<ul>\n<li><strong><a title=\"Governo RS\" href=\"http:\/\/www.estado.rs.gov.br\/\" target=\"_blank\">Governo do Estado<\/a><\/strong><\/li>\n<li><strong><a title=\"Portal RH Governo Rio Grande do Sul\" href=\"https:\/\/secweb.procergs.com.br\/rheportal\/login.jsp\" target=\"_blank\">Contracheque servidor do estado<\/a><\/strong> \u2013 Portal RHE<\/li>\n<li><strong><a title=\"Pensionistas Governo RS\" href=\"http:\/\/www.ipe.rs.gov.br\/index.php?model=webgen&amp;id=52\" target=\"_blank\">Contracheque pensionista do estado<\/a><\/strong><\/li>\n<li><strong><a title=\"RH24horas - Porto Alegre\" href=\"https:\/\/rh24horas.procempa.com.br\/rh24horas\/login.jsp\" target=\"_blank\">Contracheque Prefeitura Porto Alegre<\/a><\/strong> &#8211; RH 24 horas<\/li>\n<li><strong><a title=\"DETRAN RS\" href=\"http:\/\/www.detran.rs.gov.br\/\" target=\"_blank\">DETRAN RS<\/a><\/strong> &#8211; consulta de ve\u00edculos, multas, IPVA e habilita\u00e7\u00e3o<\/li>\n<li><strong><a title=\"Tribunal de Justi\u00e7a RS\" href=\"http:\/\/www.tjrs.jus.br\/site\/\" target=\"_blank\">Tribunal de Justi\u00e7a<\/a><\/strong><\/li>\n<li><strong><a title=\"P\u00e1gina do RS na Wikipedia\" href=\"http:\/\/pt.wikipedia.org\/wiki\/Rio_Grande_do_Sul\" target=\"_blank\">Wikipedia<\/a><\/strong> &#8211; p\u00e1gina de informa\u00e7\u00f5es sobre o estado<\/li>\n<\/ul>\n<p>&nbsp;<\/p>\n<p>&nbsp;<\/p>\n","protected":false},"excerpt":{"rendered":"<p>&nbsp; Portal do Estado do Rio Grande do Sul Estado litor\u00e2neo com rica tradi\u00e7\u00e3o, bela hist\u00f3ria e belas paisagens naturais. Localizado na Regi\u00e3o Sul entre o estado de Santa Catarina ao norte, o oceano Atl\u00e2ntico ao leste, o Uruguai ao sul e a Argentina a oeste. A cidade de Porto Alegre \u00e9 a capital do [&hellip;]<\/p>\n","protected":false},"author":2,"featured_media":0,"parent":105,"menu_order":0,"comment_status":"closed","ping_status":"closed","template":"","meta":{"ngg_post_thumbnail":0,"footnotes":""},"class_list":["post-594","page","type-page","status-publish","hentry"],"aioseo_notices":[],"_links":{"self":[{"href":"https:\/\/www.lugarvazio.com.br\/blog\/wp-json\/wp\/v2\/pages\/594","targetHints":{"allow":["GET"]}}],"collection":[{"href":"https:\/\/www.lugarvazio.com.br\/blog\/wp-json\/wp\/v2\/pages"}],"about":[{"href":"https:\/\/www.lugarvazio.com.br\/blog\/wp-json\/wp\/v2\/types\/page"}],"author":[{"embeddable":true,"href":"https:\/\/www.lugarvazio.com.br\/blog\/wp-json\/wp\/v2\/users\/2"}],"replies":[{"embeddable":true,"href":"https:\/\/www.lugarvazio.com.br\/blog\/wp-json\/wp\/v2\/comments?post=594"}],"version-history":[{"count":0,"href":"https:\/\/www.lugarvazio.com.br\/blog\/wp-json\/wp\/v2\/pages\/594\/revisions"}],"up":[{"embeddable":true,"href":"https:\/\/www.lugarvazio.com.br\/blog\/wp-json\/wp\/v2\/pages\/105"}],"wp:attachment":[{"href":"https:\/\/www.lugarvazio.com.br\/blog\/wp-json\/wp\/v2\/media?parent=594"}],"curies":[{"name":"wp","href":"https:\/\/api.w.org\/{rel}","templated":true}]}}