{"id":50,"date":"2012-05-07T12:54:38","date_gmt":"2012-05-07T15:54:38","guid":{"rendered":"http:\/\/www.lugarvazio.com.br\/blog\/?page_id=50"},"modified":"2013-06-13T12:54:51","modified_gmt":"2013-06-13T15:54:51","slug":"home","status":"publish","type":"page","link":"https:\/\/www.lugarvazio.com.br\/blog\/home\/","title":{"rendered":"Sobre"},"content":{"rendered":"<h3>Sobre o Lugar<\/h3>\n<p>&nbsp;<\/p>\n<p><strong>Lugar Vazio<\/strong> \u00e9 uma experi\u00eancia colaborativa de cria\u00e7\u00e3o e agrega\u00e7\u00e3o de conhecimento. Nosso grupo de colaboradores pretende levar um conjunto de informa\u00e7\u00f5es \u00fateis, algumas pin\u00e7adas da Web e outras criadas com base nas suas viv\u00eancias indivuais e profissionais, para todos os nossos leitores.<\/p>\n<p>Pretendemos evoluir a quantidade de informa\u00e7\u00f5es dispon\u00edveis ao longo do tempo, com base no resultado da sua navega\u00e7\u00e3o e no retorno que obtivermos de nossos seguidores. Bom divertimento.<\/p>\n<p>&nbsp;<\/p>\n<h3>Privacidade<\/h3>\n<p>&nbsp;<\/p>\n<p>O Lugar Vazio n\u00e3o coleta dados pessoais dos usu\u00e1rios, mas pode incluir e ler &#8220;cookies&#8221; nos navegadores para coletar informa\u00e7\u00f5es para melhorar a experi\u00eancia de navega\u00e7\u00e3o, principalmente, mas n\u00e3o exclusivamente, durante o processo de inclus\u00e3o de an\u00fancios e conte\u00fados de terceiros em cada p\u00e1gina. A op\u00e7\u00e3o de aceitar cookies pode ser definida em cada navegador, mediante a consulta ao seu manual de utiliza\u00e7\u00e3o.<\/p>\n<p>O Lugar Vazio n\u00e3o tem responsabilidade sobre os conte\u00fados dos an\u00fancios inseridos por terceiros, cada an\u00fancio \u00e9 identificado com a fonte de origem.<\/p>\n<p>O Lugar Vazio n\u00e3o se responsabiliza pelas informa\u00e7\u00f5es postadas em suas p\u00e1ginas ou por opni\u00f5es pessoais emitidas em artigos ou coment\u00e1rios de leitores.<\/p>\n<p>&nbsp;<\/p>\n<h3><strong>Contato<\/strong><\/h3>\n<p>&nbsp;<\/p>\n<p>Qualquer contato com a equipe do Lugar Vazio pode ser feito pelo e-mail <a href=\"mailto:lugarvazio@lugarvazio.com.br\">lugarvazio@lugarvazio.com.br<\/a> ou deixando um coment\u00e1rio nos nossos artigos. A equipe do Lugar Vazio agradece toda cr\u00edtica e sugest\u00e3o recebida.<\/p>\n<p>&nbsp;<\/p>\n<p>&nbsp;<\/p>\n","protected":false},"excerpt":{"rendered":"<p>Sobre o Lugar &nbsp; Lugar Vazio \u00e9 uma experi\u00eancia colaborativa de cria\u00e7\u00e3o e agrega\u00e7\u00e3o de conhecimento. Nosso grupo de colaboradores pretende levar um conjunto de informa\u00e7\u00f5es \u00fateis, algumas pin\u00e7adas da Web e outras criadas com base nas suas viv\u00eancias indivuais e profissionais, para todos os nossos leitores. Pretendemos evoluir a quantidade de informa\u00e7\u00f5es dispon\u00edveis ao [&hellip;]<\/p>\n","protected":false},"author":2,"featured_media":0,"parent":0,"menu_order":0,"comment_status":"closed","ping_status":"closed","template":"","meta":{"ngg_post_thumbnail":0,"footnotes":""},"class_list":["post-50","page","type-page","status-publish","hentry"],"aioseo_notices":[],"_links":{"self":[{"href":"https:\/\/www.lugarvazio.com.br\/blog\/wp-json\/wp\/v2\/pages\/50","targetHints":{"allow":["GET"]}}],"collection":[{"href":"https:\/\/www.lugarvazio.com.br\/blog\/wp-json\/wp\/v2\/pages"}],"about":[{"href":"https:\/\/www.lugarvazio.com.br\/blog\/wp-json\/wp\/v2\/types\/page"}],"author":[{"embeddable":true,"href":"https:\/\/www.lugarvazio.com.br\/blog\/wp-json\/wp\/v2\/users\/2"}],"replies":[{"embeddable":true,"href":"https:\/\/www.lugarvazio.com.br\/blog\/wp-json\/wp\/v2\/comments?post=50"}],"version-history":[{"count":0,"href":"https:\/\/www.lugarvazio.com.br\/blog\/wp-json\/wp\/v2\/pages\/50\/revisions"}],"wp:attachment":[{"href":"https:\/\/www.lugarvazio.com.br\/blog\/wp-json\/wp\/v2\/media?parent=50"}],"curies":[{"name":"wp","href":"https:\/\/api.w.org\/{rel}","templated":true}]}}