{"id":452,"date":"2012-06-19T23:49:00","date_gmt":"2012-06-20T02:49:00","guid":{"rendered":"http:\/\/www.lugarvazio.com.br\/blog\/?page_id=452"},"modified":"2013-06-30T21:53:41","modified_gmt":"2013-07-01T00:53:41","slug":"rock-in-rio-2013-rio-de-janeiro","status":"publish","type":"page","link":"https:\/\/www.lugarvazio.com.br\/blog\/rock-in-rio-2013-rio-de-janeiro\/","title":{"rendered":"Rock in Rio 2013 &#8211; Rio de Janeiro"},"content":{"rendered":"<p>O evento <strong><a title=\"Rock in Rio\" href=\"http:\/\/www.rockinrio.com.br\/pt\/live\/\" target=\"_blank\">Rock in Rio<\/a><\/strong> 2013 na cidade do Rio de Janeiro ser\u00e1 nos dias: 13, 14, 15, 19, 20, 21 e 22 de Setembro. Como na edi\u00e7\u00e3o anterior, ser\u00e1 na Cidade do Rock (Parque Ol\u00edmpico Cidade do Rock Av. Salvador Allende, s\/n).<\/p>\n<p>Primeiras bandas confirmadas: SEPULTURA E TAMBOURS DU BRONX<\/p>\n<p>V\u00e3o abrir a noite de metal do Rock in Rio 2013, no Palco Mundo. Aguardamos ansiosos por mais novidades.<\/p>\n<p>&nbsp;<\/p>\n<p>&nbsp;<\/p>\n","protected":false},"excerpt":{"rendered":"<p>O evento Rock in Rio 2013 na cidade do Rio de Janeiro ser\u00e1 nos dias: 13, 14, 15, 19, 20, 21 e 22 de Setembro. Como na edi\u00e7\u00e3o anterior, ser\u00e1 na Cidade do Rock (Parque Ol\u00edmpico Cidade do Rock Av. Salvador Allende, s\/n). Primeiras bandas confirmadas: SEPULTURA E TAMBOURS DU BRONX V\u00e3o abrir a noite [&hellip;]<\/p>\n","protected":false},"author":1,"featured_media":0,"parent":0,"menu_order":0,"comment_status":"closed","ping_status":"closed","template":"","meta":{"ngg_post_thumbnail":0,"footnotes":""},"class_list":["post-452","page","type-page","status-publish","hentry"],"aioseo_notices":[],"_links":{"self":[{"href":"https:\/\/www.lugarvazio.com.br\/blog\/wp-json\/wp\/v2\/pages\/452","targetHints":{"allow":["GET"]}}],"collection":[{"href":"https:\/\/www.lugarvazio.com.br\/blog\/wp-json\/wp\/v2\/pages"}],"about":[{"href":"https:\/\/www.lugarvazio.com.br\/blog\/wp-json\/wp\/v2\/types\/page"}],"author":[{"embeddable":true,"href":"https:\/\/www.lugarvazio.com.br\/blog\/wp-json\/wp\/v2\/users\/1"}],"replies":[{"embeddable":true,"href":"https:\/\/www.lugarvazio.com.br\/blog\/wp-json\/wp\/v2\/comments?post=452"}],"version-history":[{"count":0,"href":"https:\/\/www.lugarvazio.com.br\/blog\/wp-json\/wp\/v2\/pages\/452\/revisions"}],"wp:attachment":[{"href":"https:\/\/www.lugarvazio.com.br\/blog\/wp-json\/wp\/v2\/media?parent=452"}],"curies":[{"name":"wp","href":"https:\/\/api.w.org\/{rel}","templated":true}]}}