{"id":336,"date":"2012-05-04T20:51:55","date_gmt":"2012-05-04T23:51:55","guid":{"rendered":"http:\/\/www.lugarvazio.com.br\/blog\/?page_id=336"},"modified":"2012-06-24T21:53:17","modified_gmt":"2012-06-25T00:53:17","slug":"portal-do-tocantins","status":"publish","type":"page","link":"https:\/\/www.lugarvazio.com.br\/blog\/estados\/portal-do-tocantins\/","title":{"rendered":"Portal do Estado do Tocantins"},"content":{"rendered":"<div style=\"width: 210px\" class=\"wp-caption alignleft\"><img loading=\"lazy\" decoding=\"async\" class=\" \" title=\"Tocantins\" src=\"http:\/\/www.lugarvazio.com.br\/img\/Bandeira_do_Tocantins.png\" alt=\"\" width=\"200\" height=\"140\" \/><p class=\"wp-caption-text\">Tocantins<\/p><\/div>\n<p>O\u00a0<strong>Tocantins<\/strong>\u00a0\u00e9 uma das\u00a027 unidades federativas\u00a0do\u00a0Brasil, e o mais novo estado, ap\u00f3s sua separa\u00e7\u00e3o do estado de Goi\u00e1s. Est\u00e1 localizado na\u00a0Regi\u00e3o Norte\u00a0e tem como limites os estados do Maranh\u00e3o\u00a0a nordeste, Piau\u00ed\u00a0a leste, Bahia\u00a0a sudeste,\u00a0Goi\u00e1s\u00a0a sul,\u00a0<span style=\"text-decoration: underline;\"><a title=\"Portal do Mato Grosso\" href=\"http:\/\/www.lugarvazio.com.br\/blog\/estados\/portal_mt\/\">Mato Grosso<\/a><\/span>\u00a0a sudoeste e o estado do Par\u00e1\u00a0a noroeste. Sua capital \u00e9 a cidade de\u00a0Palmas, planejada para esta finalidade.<\/p>\n<p>As maiores cidades do estado s\u00e3o respectivamente:\u00a0 Palmas,\u00a0Aragua\u00edna, Gurupi,\u00a0Porto Nacional\u00a0e\u00a0Para\u00edso do Tocantins.<\/p>\n<p>Links \u00fateis para consulta sobre o estado e seus servi\u00e7os:<\/p>\n<ul>\n<li><strong><a title=\"Governo TO\" href=\"http:\/\/to.gov.br\/ \" target=\"_blank\">Estado do Tocantins<\/a><\/strong> &#8211; Portal de Infora\u00e7\u00f5es e Servi\u00e7os do Governo do Tocantins<br \/>\n<strong><\/strong><\/li>\n<li><strong><a title=\"DETRAN TO\" href=\"http:\/\/www.detran.to.gov.br\/\" target=\"_blank\">DETRAN\/TO<\/a><\/strong> &#8211; Detran do Tocantins<br \/>\n<strong><\/strong><\/li>\n<li><strong><a title=\"SECAD Tocantins\" href=\"http:\/\/www.secad.to.gov.br\/gcs\/gcs\/portal_secad\/\" target=\"_blank\">SECAD<\/a><\/strong> \u2013 Secretaria da Administra\u00e7\u00e3o do Governo do Estado do Tocantins<\/li>\n<li><strong><a title=\"Secretaria da Fazenda do TO\" href=\"http:\/\/www.sefaz.to.gov.br\/\" target=\"_blank\">SEFAZ<\/a><\/strong> &#8211; Secretaria da Fazenda do Estado (servi\u00e7os online: IPVA, ICMS, Portal do Contribuinte, declara\u00e7\u00f5es, etc.)<\/li>\n<li><a title=\"Comiss\u00e3o Permanente de Sele\u00e7\u00e3o - UFT\" href=\"http:\/\/www.copese.uft.edu.br\" target=\"_blank\"><strong>Concursos<\/strong><\/a> &#8211; informa\u00e7\u00f5es dos concursos em andamento e inscri\u00e7\u00e3o<\/li>\n<li><strong><a title=\"P\u00e1gina do Tocantins na Wikipedia\" href=\"http:\/\/pt.wikipedia.org\/wiki\/Tocantins\" target=\"_blank\">Wikipedia<\/a> <\/strong>&#8211; p\u00e1gina da enciclop\u00e9dia online sobre Tocantins<\/li>\n<\/ul>\n","protected":false},"excerpt":{"rendered":"<p>O\u00a0Tocantins\u00a0\u00e9 uma das\u00a027 unidades federativas\u00a0do\u00a0Brasil, e o mais novo estado, ap\u00f3s sua separa\u00e7\u00e3o do estado de Goi\u00e1s. Est\u00e1 localizado na\u00a0Regi\u00e3o Norte\u00a0e tem como limites os estados do Maranh\u00e3o\u00a0a nordeste, Piau\u00ed\u00a0a leste, Bahia\u00a0a sudeste,\u00a0Goi\u00e1s\u00a0a sul,\u00a0Mato Grosso\u00a0a sudoeste e o estado do Par\u00e1\u00a0a noroeste. Sua capital \u00e9 a cidade de\u00a0Palmas, planejada para esta finalidade. As maiores cidades [&hellip;]<\/p>\n","protected":false},"author":2,"featured_media":0,"parent":105,"menu_order":0,"comment_status":"closed","ping_status":"closed","template":"","meta":{"ngg_post_thumbnail":0,"footnotes":""},"class_list":["post-336","page","type-page","status-publish","hentry"],"aioseo_notices":[],"_links":{"self":[{"href":"https:\/\/www.lugarvazio.com.br\/blog\/wp-json\/wp\/v2\/pages\/336","targetHints":{"allow":["GET"]}}],"collection":[{"href":"https:\/\/www.lugarvazio.com.br\/blog\/wp-json\/wp\/v2\/pages"}],"about":[{"href":"https:\/\/www.lugarvazio.com.br\/blog\/wp-json\/wp\/v2\/types\/page"}],"author":[{"embeddable":true,"href":"https:\/\/www.lugarvazio.com.br\/blog\/wp-json\/wp\/v2\/users\/2"}],"replies":[{"embeddable":true,"href":"https:\/\/www.lugarvazio.com.br\/blog\/wp-json\/wp\/v2\/comments?post=336"}],"version-history":[{"count":0,"href":"https:\/\/www.lugarvazio.com.br\/blog\/wp-json\/wp\/v2\/pages\/336\/revisions"}],"up":[{"embeddable":true,"href":"https:\/\/www.lugarvazio.com.br\/blog\/wp-json\/wp\/v2\/pages\/105"}],"wp:attachment":[{"href":"https:\/\/www.lugarvazio.com.br\/blog\/wp-json\/wp\/v2\/media?parent=336"}],"curies":[{"name":"wp","href":"https:\/\/api.w.org\/{rel}","templated":true}]}}