{"id":2265,"date":"2013-10-01T09:51:08","date_gmt":"2013-10-01T12:51:08","guid":{"rendered":"http:\/\/www.lugarvazio.com.br\/blog\/?page_id=2265"},"modified":"2013-10-01T10:06:20","modified_gmt":"2013-10-01T13:06:20","slug":"portal-do-estado-de-sao-paulo","status":"publish","type":"page","link":"https:\/\/www.lugarvazio.com.br\/blog\/estados\/portal-do-estado-de-sao-paulo\/","title":{"rendered":"Portal do Estado de S\u00e3o Paulo"},"content":{"rendered":"<p><img loading=\"lazy\" decoding=\"async\" class=\"alignleft  wp-image-2269\" style=\"border: 5px solid white;\" alt=\"Bandeira_do_estado_de_S\u00e3o_Paulo\" src=\"http:\/\/www.lugarvazio.com.br\/img\/2013\/10\/Bandeira_do_estado_de_S\u00e3o_Paulo.png\" width=\"140\" height=\"93\" srcset=\"https:\/\/www.lugarvazio.com.br\/img\/2013\/10\/Bandeira_do_estado_de_S\u00e3o_Paulo.png 200w, https:\/\/www.lugarvazio.com.br\/img\/2013\/10\/Bandeira_do_estado_de_S\u00e3o_Paulo-80x53.png 80w, https:\/\/www.lugarvazio.com.br\/img\/2013\/10\/Bandeira_do_estado_de_S\u00e3o_Paulo-150x99.png 150w\" sizes=\"auto, (max-width: 140px) 100vw, 140px\" \/>Estado com maior PIB do Brasil, concentrado 1\/3 da riqueza do pa\u00eds, est\u00e1 situado na Regi\u00e3o Sudeste e tem por limites os estados de Minas Gerais a norte e nordeste, Paran\u00e1 a sul, Rio de Janeiro a leste e Mato Grosso do Sul a oeste, al\u00e9m de ter frenta para o Oceano Atl\u00e2ntico a sudeste. O estado possui 645 munic\u00edpios e sua \u00e1rea total \u00e9 de 248 209,426 km\u00b2, o que equivale a 2,91% da superf\u00edcie do Brasil. Sua capital \u00e9 o munic\u00edpio de S\u00e3o Paulo.<\/p>\n<p>&nbsp;<\/p>\n<p>Principais servi\u00e7os e p\u00e1ginas de refer\u00eancia sobre o estado:<\/p>\n<p>&nbsp;<\/p>\n<ul>\n<li><strong><a title=\"Portal Governo\" href=\"http:\/\/www.sp.gov.br\/\u200e\" target=\"_blank\">Portal do Governo do Estado de S\u00e3o Paulo<\/a><\/strong> &#8211; servi\u00e7os e informa\u00e7\u00f5es do governo estadual<\/li>\n<li><strong><a title=\"Contracheque SP\" href=\"https:\/\/www.fazenda.sp.gov.br\/folha\/nova_folha\/acessar_dce.asp?menu=dem&amp;user=rs\" target=\"_blank\">Contracheque Governo do Estado de SP<\/a><\/strong> &#8211; servi\u00e7o de consulta e emiss\u00e3o de demonstrativo<\/li>\n<li><strong><a title=\"Holerite Prefeitura de SP\" href=\"http:\/\/holerite.prefeitura.sp.gov.br\/index.php\" target=\"_blank\">Contracheque Prefeitura de SP<\/a><\/strong> &#8211; emiss\u00e3o e consulta de holerite para servidores da prefeitura<\/li>\n<li><strong><a title=\"Guia ITBI Prefeitura de SP\" href=\"https:\/\/www3.prefeitura.sp.gov.br\/damsp_itbi\/forms\/frm_sql.aspx?Tipo=Sql\" target=\"_blank\">Guia ITBI Prefeitura SP<\/a><\/strong> &#8211; servi\u00e7o de emiss\u00e3o de guia de recolhimento de ITBI<\/li>\n<li><strong><a href=\"http:\/\/www.detran.sp.gov.br\" target=\"_blank\">DETRAN SP<\/a><\/strong><\/li>\n<li><strong><a title=\"CEG SP\" href=\"https:\/\/www.gasnaturalfenosa.com.br\/br\/inicio\/sao+paulo\/para+sua+casa\/servico+ao+cliente\/agencia+virtual\/1297092033810\/segunda+via+de+conta.html\" target=\"_blank\">G\u00e1s Natural Fenosa<\/a><\/strong> &#8211; emiss\u00e3o de segunda via de conta de g\u00e1s<\/li>\n<\/ul>\n<p>&nbsp;<\/p>\n","protected":false},"excerpt":{"rendered":"<p>Estado com maior PIB do Brasil, concentrado 1\/3 da riqueza do pa\u00eds, est\u00e1 situado na Regi\u00e3o Sudeste e tem por limites os estados de Minas Gerais a norte e nordeste, Paran\u00e1 a sul, Rio de Janeiro a leste e Mato Grosso do Sul a oeste, al\u00e9m de ter frenta para o Oceano Atl\u00e2ntico a sudeste. [&hellip;]<\/p>\n","protected":false},"author":2,"featured_media":0,"parent":105,"menu_order":0,"comment_status":"closed","ping_status":"closed","template":"","meta":{"ngg_post_thumbnail":0,"footnotes":""},"class_list":["post-2265","page","type-page","status-publish","hentry"],"aioseo_notices":[],"_links":{"self":[{"href":"https:\/\/www.lugarvazio.com.br\/blog\/wp-json\/wp\/v2\/pages\/2265","targetHints":{"allow":["GET"]}}],"collection":[{"href":"https:\/\/www.lugarvazio.com.br\/blog\/wp-json\/wp\/v2\/pages"}],"about":[{"href":"https:\/\/www.lugarvazio.com.br\/blog\/wp-json\/wp\/v2\/types\/page"}],"author":[{"embeddable":true,"href":"https:\/\/www.lugarvazio.com.br\/blog\/wp-json\/wp\/v2\/users\/2"}],"replies":[{"embeddable":true,"href":"https:\/\/www.lugarvazio.com.br\/blog\/wp-json\/wp\/v2\/comments?post=2265"}],"version-history":[{"count":0,"href":"https:\/\/www.lugarvazio.com.br\/blog\/wp-json\/wp\/v2\/pages\/2265\/revisions"}],"up":[{"embeddable":true,"href":"https:\/\/www.lugarvazio.com.br\/blog\/wp-json\/wp\/v2\/pages\/105"}],"wp:attachment":[{"href":"https:\/\/www.lugarvazio.com.br\/blog\/wp-json\/wp\/v2\/media?parent=2265"}],"curies":[{"name":"wp","href":"https:\/\/api.w.org\/{rel}","templated":true}]}}