{"id":21,"date":"2012-04-11T20:12:54","date_gmt":"2012-04-11T23:12:54","guid":{"rendered":"http:\/\/192.168.1.102\/wordpress\/?page_id=21"},"modified":"2012-11-18T09:49:43","modified_gmt":"2012-11-18T12:49:43","slug":"claro","status":"publish","type":"page","link":"https:\/\/www.lugarvazio.com.br\/blog\/movel\/claro\/","title":{"rendered":"Claro"},"content":{"rendered":"<p>A operadora Claro tem presen\u00e7a nacional com rede GSM e 3G.\u00a0Abaixo temos alguns dados \u00fateis para os assinantes da operadora.<\/p>\n<ul>\n<li><strong><a title=\"Claro - Compartilhe cada momento\" href=\"http:\/\/www.claro.com.br\" target=\"_blank\">Site da Claro<\/a><\/strong><\/li>\n<\/ul>\n<p>&nbsp;<\/p>\n<p>Configura\u00e7\u00e3o dos aparelhos para acesso de dados (Internet m\u00f3vel):<\/p>\n<p><strong>Dados<\/strong><br \/>\nName = Claro Dados<br \/>\nAPN = claro.com.br<br \/>\nProxy = N\u00e3o definido<br \/>\nPort = N\u00e3o definido<br \/>\nUsername = claro<br \/>\nPassword = claro<br \/>\nServer = N\u00e3o definido<br \/>\nMMSC = N\u00e3o definido<br \/>\nMMS proxy = N\u00e3o definido<br \/>\nMMS port = N\u00e3o definido<br \/>\nMCC = 724<br \/>\nMNC = 05<br \/>\nAPN type = default<\/p>\n<p><strong>MMS<\/strong><br \/>\nName = Claro Foto<br \/>\nAPN = mms.claro.com.br<br \/>\nProxy = N\u00e3o definido<br \/>\nPort = N\u00e3o definido<br \/>\nUsername = claro<br \/>\nPassword = claro<br \/>\nServer = N\u00e3o definido<br \/>\nMMSC = http:\/\/mms.claro.com.br<br \/>\nMMS proxy = 200.169.126.10<br \/>\nMMS port = 8799<br \/>\nMCC = 724<br \/>\nMNC = 05<br \/>\nAPN type = mms<\/p>\n","protected":false},"excerpt":{"rendered":"<p>A operadora Claro tem presen\u00e7a nacional com rede GSM e 3G.\u00a0Abaixo temos alguns dados \u00fateis para os assinantes da operadora. Site da Claro &nbsp; Configura\u00e7\u00e3o dos aparelhos para acesso de dados (Internet m\u00f3vel): Dados Name = Claro Dados APN = claro.com.br Proxy = N\u00e3o definido Port = N\u00e3o definido Username = claro Password = claro [&hellip;]<\/p>\n","protected":false},"author":2,"featured_media":0,"parent":127,"menu_order":0,"comment_status":"closed","ping_status":"closed","template":"","meta":{"ngg_post_thumbnail":0,"footnotes":""},"class_list":["post-21","page","type-page","status-publish","hentry"],"aioseo_notices":[],"_links":{"self":[{"href":"https:\/\/www.lugarvazio.com.br\/blog\/wp-json\/wp\/v2\/pages\/21","targetHints":{"allow":["GET"]}}],"collection":[{"href":"https:\/\/www.lugarvazio.com.br\/blog\/wp-json\/wp\/v2\/pages"}],"about":[{"href":"https:\/\/www.lugarvazio.com.br\/blog\/wp-json\/wp\/v2\/types\/page"}],"author":[{"embeddable":true,"href":"https:\/\/www.lugarvazio.com.br\/blog\/wp-json\/wp\/v2\/users\/2"}],"replies":[{"embeddable":true,"href":"https:\/\/www.lugarvazio.com.br\/blog\/wp-json\/wp\/v2\/comments?post=21"}],"version-history":[{"count":0,"href":"https:\/\/www.lugarvazio.com.br\/blog\/wp-json\/wp\/v2\/pages\/21\/revisions"}],"up":[{"embeddable":true,"href":"https:\/\/www.lugarvazio.com.br\/blog\/wp-json\/wp\/v2\/pages\/127"}],"wp:attachment":[{"href":"https:\/\/www.lugarvazio.com.br\/blog\/wp-json\/wp\/v2\/media?parent=21"}],"curies":[{"name":"wp","href":"https:\/\/api.w.org\/{rel}","templated":true}]}}