{"id":19,"date":"2012-04-11T20:12:15","date_gmt":"2012-04-11T23:12:15","guid":{"rendered":"http:\/\/192.168.1.102\/wordpress\/?page_id=19"},"modified":"2012-05-07T23:57:39","modified_gmt":"2012-05-08T02:57:39","slug":"tim","status":"publish","type":"page","link":"https:\/\/www.lugarvazio.com.br\/blog\/movel\/tim\/","title":{"rendered":"TIM"},"content":{"rendered":"<p>Informa\u00e7\u00f5es e dicas \u00fateis sobre a TIM. A TIM possui presen\u00e7a nacional oferencendo servi\u00e7os de telefonia fixa, LDN (Intelig) e m\u00f3vel.<\/p>\n<ul>\n<li><strong><a title=\"TIM - Voc\u00ea sem fronteiras\" href=\"http:\/\/www.tim.com.br\" target=\"_blank\">Site da TIM<\/a><\/strong><\/li>\n<\/ul>\n<p>&nbsp;<\/p>\n<p>Configura\u00e7\u00f5es de aparelhos para utilizar Internet m\u00f3vel:<\/p>\n<p><strong>Dados<\/strong><br \/>\nName = TIM Dados<br \/>\nAPN = tim.br<br \/>\nProxy = N\u00e3o definido<br \/>\nPort = N\u00e3o definido<br \/>\nUsername = tim<br \/>\nPassword = tim<br \/>\nServer = N\u00e3o definido<br \/>\nMMSC = N\u00e3o definido<br \/>\nMMS proxy = N\u00e3o definido<br \/>\nMMS port = N\u00e3o definido<br \/>\nMCC = 724<br \/>\nMNC = 02<br \/>\nAPN type = default<\/p>\n<p><strong>MMS<\/strong><br \/>\nName = TIM MMS<br \/>\nAPN = tim.br<br \/>\nProxy = N\u00e3o definido<br \/>\nPort = N\u00e3o definido<br \/>\nUsername = tim<br \/>\nPassword = tim<br \/>\nServer = N\u00e3o definido<br \/>\nMMSC = http:\/\/mms.tim.br<br \/>\nMMS proxy = 200.179.66.242<br \/>\nMMS port = 8080<br \/>\nMCC = 724<br \/>\nMNC = 04<br \/>\nAPN type = mms<\/p>\n<p>&nbsp;<\/p>\n","protected":false},"excerpt":{"rendered":"<p>Informa\u00e7\u00f5es e dicas \u00fateis sobre a TIM. A TIM possui presen\u00e7a nacional oferencendo servi\u00e7os de telefonia fixa, LDN (Intelig) e m\u00f3vel. Site da TIM &nbsp; Configura\u00e7\u00f5es de aparelhos para utilizar Internet m\u00f3vel: Dados Name = TIM Dados APN = tim.br Proxy = N\u00e3o definido Port = N\u00e3o definido Username = tim Password = tim Server [&hellip;]<\/p>\n","protected":false},"author":2,"featured_media":0,"parent":127,"menu_order":0,"comment_status":"closed","ping_status":"closed","template":"","meta":{"ngg_post_thumbnail":0,"footnotes":""},"class_list":["post-19","page","type-page","status-publish","hentry"],"aioseo_notices":[],"_links":{"self":[{"href":"https:\/\/www.lugarvazio.com.br\/blog\/wp-json\/wp\/v2\/pages\/19","targetHints":{"allow":["GET"]}}],"collection":[{"href":"https:\/\/www.lugarvazio.com.br\/blog\/wp-json\/wp\/v2\/pages"}],"about":[{"href":"https:\/\/www.lugarvazio.com.br\/blog\/wp-json\/wp\/v2\/types\/page"}],"author":[{"embeddable":true,"href":"https:\/\/www.lugarvazio.com.br\/blog\/wp-json\/wp\/v2\/users\/2"}],"replies":[{"embeddable":true,"href":"https:\/\/www.lugarvazio.com.br\/blog\/wp-json\/wp\/v2\/comments?post=19"}],"version-history":[{"count":0,"href":"https:\/\/www.lugarvazio.com.br\/blog\/wp-json\/wp\/v2\/pages\/19\/revisions"}],"up":[{"embeddable":true,"href":"https:\/\/www.lugarvazio.com.br\/blog\/wp-json\/wp\/v2\/pages\/127"}],"wp:attachment":[{"href":"https:\/\/www.lugarvazio.com.br\/blog\/wp-json\/wp\/v2\/media?parent=19"}],"curies":[{"name":"wp","href":"https:\/\/api.w.org\/{rel}","templated":true}]}}