{"id":15,"date":"2012-04-11T20:10:31","date_gmt":"2012-04-11T23:10:31","guid":{"rendered":"http:\/\/192.168.1.102\/wordpress\/?page_id=15"},"modified":"2013-10-04T16:59:14","modified_gmt":"2013-10-04T19:59:14","slug":"oi","status":"publish","type":"page","link":"https:\/\/www.lugarvazio.com.br\/blog\/movel\/oi\/","title":{"rendered":"Oi"},"content":{"rendered":"<p>Informa\u00e7\u00f5es e dicas \u00fateis sobre a Oi. A Oi \u00e9 a primeira operadora GSM do Brasil e possui presen\u00e7a nacional, oferecendo servi\u00e7os de telefonia fixa, m\u00f3vel e TV por assinatura.<\/p>\n<ul>\n<li>\u00a0<strong><a title=\"Oi - Simples assim\" href=\"http:\/\/www.oi.com.br\" target=\"_blank\">Site da Oi<\/a><\/strong><\/li>\n<\/ul>\n<p>&nbsp;<\/p>\n<p>Configura\u00e7\u00f5es de dados (APN) para utilizar Internet m\u00f3vel no celular:<\/p>\n<p>&nbsp;<\/p>\n<p><strong>Dados<\/strong><br \/>\nNome = Oi Internet<br \/>\nAPN = gprs.oi.com.br<br \/>\nProxy = N\u00e3o definido<br \/>\nPorta = N\u00e3o definido<br \/>\nUsu\u00e1rio = oi\u00a0\u00a0\u00a0 (ou n\u00e3o definido)<br \/>\nSenha = oi\u00a0\u00a0\u00a0\u00a0\u00a0\u00a0\u00a0 (ou n\u00e3o definido)<br \/>\nServidor = N\u00e3o definido<br \/>\nMMSC = N\u00e3o definido<br \/>\nProxy de MMS = N\u00e3o definido<br \/>\nPorta MMS = N\u00e3o definido<br \/>\nMCC = 724<br \/>\nMNC = 31<br \/>\nTipo autentica\u00e7\u00e3o = N\u00e3o definido<br \/>\nTipo APN = default<\/p>\n<p><strong>MMS<\/strong><br \/>\nNome = Oi MMS<br \/>\nAPN = mmsgprs.oi.com.br<br \/>\nProxy = N\u00e3o definido<br \/>\nPorta = N\u00e3o definido<br \/>\nUsu\u00e1rio = oimms<br \/>\nSenha = oimms<br \/>\nServidor = N\u00e3o definido<br \/>\nMMSC = http:\/\/200.222.42.204:8002<br \/>\nProxy de MMS = 192.168.10.50<br \/>\nPorta MMS = 3128<br \/>\nMCC = 724<br \/>\nMNC = 31<br \/>\nTipo autentica\u00e7\u00e3o = N\u00e3o definido<br \/>\nTipo APN = mms<\/p>\n<p>&nbsp;<\/p>\n","protected":false},"excerpt":{"rendered":"<p>Informa\u00e7\u00f5es e dicas \u00fateis sobre a Oi. A Oi \u00e9 a primeira operadora GSM do Brasil e possui presen\u00e7a nacional, oferecendo servi\u00e7os de telefonia fixa, m\u00f3vel e TV por assinatura. \u00a0Site da Oi &nbsp; Configura\u00e7\u00f5es de dados (APN) para utilizar Internet m\u00f3vel no celular: &nbsp; Dados Nome = Oi Internet APN = gprs.oi.com.br Proxy = [&hellip;]<\/p>\n","protected":false},"author":2,"featured_media":0,"parent":127,"menu_order":0,"comment_status":"closed","ping_status":"closed","template":"","meta":{"ngg_post_thumbnail":0,"footnotes":""},"class_list":["post-15","page","type-page","status-publish","hentry"],"aioseo_notices":[],"_links":{"self":[{"href":"https:\/\/www.lugarvazio.com.br\/blog\/wp-json\/wp\/v2\/pages\/15","targetHints":{"allow":["GET"]}}],"collection":[{"href":"https:\/\/www.lugarvazio.com.br\/blog\/wp-json\/wp\/v2\/pages"}],"about":[{"href":"https:\/\/www.lugarvazio.com.br\/blog\/wp-json\/wp\/v2\/types\/page"}],"author":[{"embeddable":true,"href":"https:\/\/www.lugarvazio.com.br\/blog\/wp-json\/wp\/v2\/users\/2"}],"replies":[{"embeddable":true,"href":"https:\/\/www.lugarvazio.com.br\/blog\/wp-json\/wp\/v2\/comments?post=15"}],"version-history":[{"count":0,"href":"https:\/\/www.lugarvazio.com.br\/blog\/wp-json\/wp\/v2\/pages\/15\/revisions"}],"up":[{"embeddable":true,"href":"https:\/\/www.lugarvazio.com.br\/blog\/wp-json\/wp\/v2\/pages\/127"}],"wp:attachment":[{"href":"https:\/\/www.lugarvazio.com.br\/blog\/wp-json\/wp\/v2\/media?parent=15"}],"curies":[{"name":"wp","href":"https:\/\/api.w.org\/{rel}","templated":true}]}}