{"id":1446,"date":"2012-11-10T22:41:05","date_gmt":"2012-11-11T01:41:05","guid":{"rendered":"http:\/\/www.lugarvazio.com.br\/blog\/?page_id=1446"},"modified":"2023-01-20T19:36:11","modified_gmt":"2023-01-20T22:36:11","slug":"blog-da-curiosa","status":"publish","type":"page","link":"https:\/\/www.lugarvazio.com.br\/blog\/blog-da-curiosa\/","title":{"rendered":"Blog da Curiosa"},"content":{"rendered":"<p><img loading=\"lazy\" decoding=\"async\" class=\"alignleft size-medium wp-image-1459\" style=\"border: 5px solid white;\" title=\"Curiosa\" src=\"http:\/\/www.lugarvazio.com.br\/img\/2012\/11\/curiosAgrande-201x300.jpg\" alt=\"Blog da Curiosa\" width=\"201\" height=\"300\" srcset=\"https:\/\/www.lugarvazio.com.br\/img\/2012\/11\/curiosAgrande-201x300.jpg 201w, https:\/\/www.lugarvazio.com.br\/img\/2012\/11\/curiosAgrande-53x80.jpg 53w, https:\/\/www.lugarvazio.com.br\/img\/2012\/11\/curiosAgrande-686x1024.jpg 686w, https:\/\/www.lugarvazio.com.br\/img\/2012\/11\/curiosAgrande-290x432.jpg 290w, https:\/\/www.lugarvazio.com.br\/img\/2012\/11\/curiosAgrande-100x150.jpg 100w, https:\/\/www.lugarvazio.com.br\/img\/2012\/11\/curiosAgrande.jpg 900w\" sizes=\"auto, (max-width: 201px) 100vw, 201px\" \/><\/p>\n<h2>A Nossa Curiosa<\/h2>\n<p>&nbsp;<\/p>\n<p>No Blog da Curiosa est\u00e3o as colet\u00e2neas feitas pelas nossas colaboradoras de artigos e not\u00edcias com algum fato curioso, diferente interessante e instigante.<\/p>\n<p>&nbsp;<\/p>\n<p>Siga esta coluna e veja o que h\u00e1 de inusitado ocorrendo pela Web.<\/p>\n<p>&nbsp;<\/p>\n<p>&nbsp;<\/p>\n","protected":false},"excerpt":{"rendered":"<p>No Blog da Curiosa est\u00e3o as colet\u00e2neas feitas pelas nossas colaboradoras de artigos e not\u00edcias com algum fato curioso, diferente interessante e instigante.<\/p>\n","protected":false},"author":4,"featured_media":0,"parent":0,"menu_order":0,"comment_status":"closed","ping_status":"closed","template":"pagewithcat.php","meta":{"ngg_post_thumbnail":0,"footnotes":""},"class_list":["post-1446","page","type-page","status-publish","hentry"],"aioseo_notices":[],"_links":{"self":[{"href":"https:\/\/www.lugarvazio.com.br\/blog\/wp-json\/wp\/v2\/pages\/1446","targetHints":{"allow":["GET"]}}],"collection":[{"href":"https:\/\/www.lugarvazio.com.br\/blog\/wp-json\/wp\/v2\/pages"}],"about":[{"href":"https:\/\/www.lugarvazio.com.br\/blog\/wp-json\/wp\/v2\/types\/page"}],"author":[{"embeddable":true,"href":"https:\/\/www.lugarvazio.com.br\/blog\/wp-json\/wp\/v2\/users\/4"}],"replies":[{"embeddable":true,"href":"https:\/\/www.lugarvazio.com.br\/blog\/wp-json\/wp\/v2\/comments?post=1446"}],"version-history":[{"count":0,"href":"https:\/\/www.lugarvazio.com.br\/blog\/wp-json\/wp\/v2\/pages\/1446\/revisions"}],"wp:attachment":[{"href":"https:\/\/www.lugarvazio.com.br\/blog\/wp-json\/wp\/v2\/media?parent=1446"}],"curies":[{"name":"wp","href":"https:\/\/api.w.org\/{rel}","templated":true}]}}