{"id":114,"date":"2012-04-29T14:11:25","date_gmt":"2012-04-29T17:11:25","guid":{"rendered":"http:\/\/www.lugarvazio.com.br\/blog\/?page_id=114"},"modified":"2013-06-01T16:19:09","modified_gmt":"2013-06-01T19:19:09","slug":"portal_mt","status":"publish","type":"page","link":"https:\/\/www.lugarvazio.com.br\/blog\/estados\/portal_mt\/","title":{"rendered":"Portal do Mato Grosso"},"content":{"rendered":"<p>&nbsp;<\/p>\n<h2><img loading=\"lazy\" decoding=\"async\" class=\"alignleft size-thumbnail wp-image-1951\" style=\"border: 5px solid white;\" alt=\"Mato Grosso\" src=\"http:\/\/www.lugarvazio.com.br\/img\/2012\/04\/image-80x56.jpg\" width=\"80\" height=\"56\" srcset=\"https:\/\/www.lugarvazio.com.br\/img\/2012\/04\/image-80x56.jpg 80w, https:\/\/www.lugarvazio.com.br\/img\/2012\/04\/image-300x210.jpg 300w, https:\/\/www.lugarvazio.com.br\/img\/2012\/04\/image-290x203.jpg 290w, https:\/\/www.lugarvazio.com.br\/img\/2012\/04\/image-150x105.jpg 150w, https:\/\/www.lugarvazio.com.br\/img\/2012\/04\/image.jpg 320w\" sizes=\"auto, (max-width: 80px) 100vw, 80px\" \/>Estado do Mato Grosso<\/h2>\n<p>Estado que est\u00e1 localizado na regi\u00e3o Centro-Oeste. Na parte norte de seu territ\u00f3rio ocupa a Amaz\u00f4nia Legal. Tem como limites: Amazonas e Par\u00e1 ao norte; Tocantins e Goi\u00e1s ao leste; Mato Grosso do Sul ao Sul; Rond\u00f4nia e Bol\u00edvia na borda oeste. Ocupa uma \u00e1rea de 903 357 km\u00b2, equivalente a tr\u00eas vezes a \u00e1rea da It\u00e1lia. Sua capital \u00e9 Cuiab\u00e1.<\/p>\n<p>Servi\u00e7os e informa\u00e7\u00f5es \u00fateis sobre o estado:<\/p>\n<ul>\n<li><strong><a title=\"SEAP online - holerite\" href=\"https:\/\/seaponline.sad.mt.gov.br\/holerite\/login.jsp\" target=\"_blank\">Contracheque SAD<\/a><\/strong> &#8211; acesso ao holerite do servidor da administra\u00e7\u00e3o estadual<\/li>\n<li><strong><a title=\"Concursos estado Mato Grosso\" href=\"http:\/\/www.sad.mt.gov.br\/index.php?pg=concursos_prev\" target=\"_blank\">Concursos<\/a><\/strong> &#8211; informa\u00e7\u00f5es dos concursos em andamento e encerrados<\/li>\n<\/ul>\n<p>&nbsp;<\/p>\n<p>&nbsp;<\/p>\n","protected":false},"excerpt":{"rendered":"<p>&nbsp; Estado do Mato Grosso Estado que est\u00e1 localizado na regi\u00e3o Centro-Oeste. Na parte norte de seu territ\u00f3rio ocupa a Amaz\u00f4nia Legal. Tem como limites: Amazonas e Par\u00e1 ao norte; Tocantins e Goi\u00e1s ao leste; Mato Grosso do Sul ao Sul; Rond\u00f4nia e Bol\u00edvia na borda oeste. Ocupa uma \u00e1rea de 903 357 km\u00b2, equivalente [&hellip;]<\/p>\n","protected":false},"author":2,"featured_media":0,"parent":105,"menu_order":0,"comment_status":"closed","ping_status":"closed","template":"","meta":{"ngg_post_thumbnail":0,"footnotes":""},"class_list":["post-114","page","type-page","status-publish","hentry"],"aioseo_notices":[],"_links":{"self":[{"href":"https:\/\/www.lugarvazio.com.br\/blog\/wp-json\/wp\/v2\/pages\/114","targetHints":{"allow":["GET"]}}],"collection":[{"href":"https:\/\/www.lugarvazio.com.br\/blog\/wp-json\/wp\/v2\/pages"}],"about":[{"href":"https:\/\/www.lugarvazio.com.br\/blog\/wp-json\/wp\/v2\/types\/page"}],"author":[{"embeddable":true,"href":"https:\/\/www.lugarvazio.com.br\/blog\/wp-json\/wp\/v2\/users\/2"}],"replies":[{"embeddable":true,"href":"https:\/\/www.lugarvazio.com.br\/blog\/wp-json\/wp\/v2\/comments?post=114"}],"version-history":[{"count":0,"href":"https:\/\/www.lugarvazio.com.br\/blog\/wp-json\/wp\/v2\/pages\/114\/revisions"}],"up":[{"embeddable":true,"href":"https:\/\/www.lugarvazio.com.br\/blog\/wp-json\/wp\/v2\/pages\/105"}],"wp:attachment":[{"href":"https:\/\/www.lugarvazio.com.br\/blog\/wp-json\/wp\/v2\/media?parent=114"}],"curies":[{"name":"wp","href":"https:\/\/api.w.org\/{rel}","templated":true}]}}