{"id":108,"date":"2015-04-29T11:47:06","date_gmt":"2015-04-29T14:47:06","guid":{"rendered":"http:\/\/www.lugarvazio.com.br\/blog\/?page_id=108"},"modified":"2022-06-19T23:26:45","modified_gmt":"2022-06-20T02:26:45","slug":"portal_rj","status":"publish","type":"page","link":"https:\/\/www.lugarvazio.com.br\/blog\/estados\/portal_rj\/","title":{"rendered":"Portal Rio de Janeiro"},"content":{"rendered":"<h2><\/h2>\n<h2><img loading=\"lazy\" decoding=\"async\" class=\"alignleft wp-image-1960\" style=\"border: 5px solid lightgray;\" src=\"http:\/\/www.lugarvazio.com.br\/img\/2012\/04\/Bandeira_do_estado_do_Rio_de_Janeiro.svg_-80x56.png\" alt=\"Estado do Rio de Janeiro\" width=\"150\" height=\"105\" srcset=\"https:\/\/www.lugarvazio.com.br\/img\/2012\/04\/Bandeira_do_estado_do_Rio_de_Janeiro.svg_-80x56.png 80w, https:\/\/www.lugarvazio.com.br\/img\/2012\/04\/Bandeira_do_estado_do_Rio_de_Janeiro.svg_-300x210.png 300w, https:\/\/www.lugarvazio.com.br\/img\/2012\/04\/Bandeira_do_estado_do_Rio_de_Janeiro.svg_-290x203.png 290w, https:\/\/www.lugarvazio.com.br\/img\/2012\/04\/Bandeira_do_estado_do_Rio_de_Janeiro.svg_-150x105.png 150w, https:\/\/www.lugarvazio.com.br\/img\/2012\/04\/Bandeira_do_estado_do_Rio_de_Janeiro.svg_.png 320w\" sizes=\"auto, (max-width: 150px) 100vw, 150px\" \/>Portal do estado do Rio de Janeiro<\/h2>\n<p>Estado litor\u00e2neo da Regi\u00e3o Sudeste, caracterizado pela cultura, pelo contraste entre mar e serra, pela extra\u00e7\u00e3o petrol\u00edfera e pelo turismo.O estado possui limites com os estados de <span style=\"text-decoration: underline;\"><a title=\"Portal Minas Gerais\" href=\"http:\/\/www.lugarvazio.com.br\/blog\/estados\/portal_mg\/\">Minas Gerais<\/a><\/span> ao norte e noroeste, Esp\u00edrito Santo no nordeste e S\u00e3o Paulo a sudoeste. A capital \u00e9 a cidade do Rio de Janeiro, cidade que tem sido escolhida como sede de eventos importantes, como o Rio+20, JMJ, Copa 2014 e as Olimp\u00edadas de 2016.<\/p>\n<p>Servi\u00e7os e informa\u00e7\u00f5es sobre o estado e seus eventos:<\/p>\n<ul>\n<li><strong><a title=\"Secretaria Fazenda RJ - Pagamentos\" href=\"http:\/\/www.servidor.rj.gov.br\/portal-web\/index\" target=\"_blank\" rel=\"noopener\">Portal Servidor\u00a0da Fazenda RJ<\/a>\u00a0&#8211; <\/strong>pagamentos (<span style=\"color: #ff0000;\">ATUALIZADO<\/span>)<\/li>\n<li><strong><a title=\"Governo do Estado do Rio de Janeiro\" href=\"http:\/\/www.rj.gov.br\" target=\"_blank\" rel=\"noopener\">Governo do Estado<\/a><\/strong><\/li>\n<li><strong><a title=\"Consultar Contracheque Prefeitura RJ\" href=\"https:\/\/auth-idrio.apps.rio.gov.br\/auth\/realms\/idrio_cidadao\/protocol\/openid-connect\/auth?client_id=carioca-rio&amp;scope=openid+profile+address+phone+roles&amp;redirect_uri=https:\/\/gateway-cariocario.apps.rio.gov.br\/callback?state=e21df2f3-cee0-4393-96e7-b793ca36728b&amp;response_type=code\" target=\"_blank\" rel=\"noopener\">Contracheque Prefeitura RJ<\/a><\/strong> &#8211; consulta da prefeitura do Rio de Janeiro (administra\u00e7\u00e3o direta)<\/li>\n<li><a title=\"Prefeitura RJ - Contracheque indireta\" href=\"https:\/\/auth-idrio.apps.rio.gov.br\/auth\/realms\/idrio_cidadao\/protocol\/openid-connect\/auth?client_id=carioca-rio&amp;scope=openid+profile+address+phone+roles&amp;redirect_uri=https:\/\/gateway-cariocario.apps.rio.gov.br\/callback?state=e21df2f3-cee0-4393-96e7-b793ca36728b&amp;response_type=code\" target=\"_blank\" rel=\"noopener\"><strong>Contracheque Prefeitura RJ<\/strong><\/a> &#8211; consulta da prefeitura do Rio de Janeiro (administra\u00e7\u00e3o indireta)<\/li>\n<li><strong><a title=\"DETRAN RJ\" href=\"http:\/\/www.detran.rj.gov.br\" target=\"_blank\" rel=\"noopener\">Detran RJ<\/a>\u00a0&#8211; <\/strong>IPVA, multas, consultas de ve\u00edculos<\/li>\n<li><strong><a title=\"Fifa - Copa 2014\" href=\"http:\/\/pt.fifa.com\/\" target=\"_blank\" rel=\"noopener\">Copa do Mundo 2014<\/a><\/strong> &#8211; informa\u00e7\u00f5es sobre a Copa e Copa das Confedera\u00e7\u00f5es (FIFA)<\/li>\n<li><strong><a title=\"CEG Rio - Segunda via de conta\" href=\"https:\/\/www.gasnaturalfenosa.com.br\/br\/inicio\/rio+de+janeiro\/para+a+sua+casa\/servico+ao+cliente\/agencia+virtual\/1297092036986\/segunda+via+de+conta.html\" target=\"_blank\" rel=\"noopener\">G\u00e1s Natural Fenosa (CEG Rio)<\/a><\/strong> &#8211; segunda via de conta<\/li>\n<li><strong><a href=\"http:\/\/www.rio20.gov.br\/\" target=\"_blank\" rel=\"noopener\">Rio +20<\/a><\/strong><\/li>\n<li><a href=\"http:\/\/www.rio2016.com\/\" target=\"_blank\" rel=\"noopener\"><strong>Rio 2016<\/strong><\/a>\u00a0&#8211; portal\u00a0dos Jogos Ol\u00edmpicos e Paral\u00edmpicos do Rio de Janeiro (<span style=\"color: #ff0000;\">NOVO<\/span>)<\/li>\n<li><a title=\"P\u00e1gina do Rio de Janeiro na Wikipedia\" href=\"http:\/\/pt.wikipedia.org\/wiki\/Rio_de_Janeiro\" target=\"_blank\" rel=\"noopener\"><strong>Wikipedia<\/strong><\/a><\/li>\n<\/ul>\n","protected":false},"excerpt":{"rendered":"<p>Portal do estado do Rio de Janeiro Estado litor\u00e2neo da Regi\u00e3o Sudeste, caracterizado pela cultura, pelo contraste entre mar e serra, pela extra\u00e7\u00e3o petrol\u00edfera e pelo turismo.O estado possui limites com os estados de Minas Gerais ao norte e noroeste, Esp\u00edrito Santo no nordeste e S\u00e3o Paulo a sudoeste. A capital \u00e9 a cidade do [&hellip;]<\/p>\n","protected":false},"author":2,"featured_media":0,"parent":105,"menu_order":0,"comment_status":"closed","ping_status":"closed","template":"","meta":{"ngg_post_thumbnail":0,"footnotes":""},"class_list":["post-108","page","type-page","status-publish","hentry"],"aioseo_notices":[],"_links":{"self":[{"href":"https:\/\/www.lugarvazio.com.br\/blog\/wp-json\/wp\/v2\/pages\/108","targetHints":{"allow":["GET"]}}],"collection":[{"href":"https:\/\/www.lugarvazio.com.br\/blog\/wp-json\/wp\/v2\/pages"}],"about":[{"href":"https:\/\/www.lugarvazio.com.br\/blog\/wp-json\/wp\/v2\/types\/page"}],"author":[{"embeddable":true,"href":"https:\/\/www.lugarvazio.com.br\/blog\/wp-json\/wp\/v2\/users\/2"}],"replies":[{"embeddable":true,"href":"https:\/\/www.lugarvazio.com.br\/blog\/wp-json\/wp\/v2\/comments?post=108"}],"version-history":[{"count":0,"href":"https:\/\/www.lugarvazio.com.br\/blog\/wp-json\/wp\/v2\/pages\/108\/revisions"}],"up":[{"embeddable":true,"href":"https:\/\/www.lugarvazio.com.br\/blog\/wp-json\/wp\/v2\/pages\/105"}],"wp:attachment":[{"href":"https:\/\/www.lugarvazio.com.br\/blog\/wp-json\/wp\/v2\/media?parent=108"}],"curies":[{"name":"wp","href":"https:\/\/api.w.org\/{rel}","templated":true}]}}