{"id":105,"date":"2012-05-03T11:36:58","date_gmt":"2012-05-03T14:36:58","guid":{"rendered":"http:\/\/www.lugarvazio.com.br\/blog\/?page_id=105"},"modified":"2014-01-27T09:46:40","modified_gmt":"2014-01-27T12:46:40","slug":"estados","status":"publish","type":"page","link":"https:\/\/www.lugarvazio.com.br\/blog\/estados\/","title":{"rendered":"Portal dos Estados"},"content":{"rendered":"<p>Selecione o Estado para acessar a lista de servi\u00e7os dispon\u00edveis:<\/p>\n<ul>\n<li><strong><a title=\"Portal Minas Gerais\" href=\"http:\/\/www.lugarvazio.com.br\/blog\/estados\/portal_mg\/\">Portal de Minas Gerais<\/a><\/strong><\/li>\n<li><strong><a title=\"Portal Rio de Janeiro\" href=\"http:\/\/www.lugarvazio.com.br\/blog\/estados\/portal_rj\/\">Portal do Rio de Janeiro<\/a><\/strong><\/li>\n<li><strong>Portal de Alagoas<\/strong><\/li>\n<li><strong><a title=\"Portal do Mato Grosso\" href=\"http:\/\/www.lugarvazio.com.br\/blog\/estados\/portal_mt\/\">Portal do Mato Grosso<\/a><\/strong><\/li>\n<li><strong><a title=\"Portal da Para\u00edba\" href=\"http:\/\/www.lugarvazio.com.br\/blog\/estados\/portal_pb\/\">Portal da Para\u00edba<\/a><\/strong><\/li>\n<li><strong>Portal do Paran\u00e1<\/strong><\/li>\n<li><a title=\"Portal do Rio Grande do Sul\" href=\"http:\/\/www.lugarvazio.com.br\/blog\/estados\/portal-do-rio-grande-do-sul\/\"><strong>Portal do Rio Grande do Sul<\/strong><\/a><\/li>\n<li><strong><a title=\"Portal do Estado de S\u00e3o Paulo\" href=\"http:\/\/www.lugarvazio.com.br\/blog\/estados\/portal-do-estado-de-sao-paulo\/\">Portal de S\u00e3o Paulo<\/a><\/strong><\/li>\n<li><a title=\"Portal do Tocantins\" href=\"http:\/\/www.lugarvazio.com.br\/blog\/estados\/portal-do-tocantins\/\"><strong>Portal do Tocantins<\/strong><\/a><\/li>\n<\/ul>\n<p>&nbsp;<\/p>\n<p>Os portais dos estados s\u00e3o fruto da colabora\u00e7\u00e3o de nossa comunidade. Cada portal pretende ser um atalho para os conte\u00fados institucionais dos governos estaduais e suas secretarias de estado, e de acesso para dados \u00fateis e curiosodades de cada estado.<\/p>\n<p>&nbsp;<\/p>\n<p>&nbsp;<\/p>\n","protected":false},"excerpt":{"rendered":"<p>Selecione o Estado para acessar a lista de servi\u00e7os dispon\u00edveis: Portal de Minas Gerais Portal do Rio de Janeiro Portal de Alagoas Portal do Mato Grosso Portal da Para\u00edba Portal do Paran\u00e1 Portal do Rio Grande do Sul Portal de S\u00e3o Paulo Portal do Tocantins &nbsp; Os portais dos estados s\u00e3o fruto da colabora\u00e7\u00e3o de [&hellip;]<\/p>\n","protected":false},"author":2,"featured_media":0,"parent":0,"menu_order":0,"comment_status":"closed","ping_status":"closed","template":"","meta":{"ngg_post_thumbnail":0,"footnotes":""},"class_list":["post-105","page","type-page","status-publish","hentry"],"aioseo_notices":[],"_links":{"self":[{"href":"https:\/\/www.lugarvazio.com.br\/blog\/wp-json\/wp\/v2\/pages\/105","targetHints":{"allow":["GET"]}}],"collection":[{"href":"https:\/\/www.lugarvazio.com.br\/blog\/wp-json\/wp\/v2\/pages"}],"about":[{"href":"https:\/\/www.lugarvazio.com.br\/blog\/wp-json\/wp\/v2\/types\/page"}],"author":[{"embeddable":true,"href":"https:\/\/www.lugarvazio.com.br\/blog\/wp-json\/wp\/v2\/users\/2"}],"replies":[{"embeddable":true,"href":"https:\/\/www.lugarvazio.com.br\/blog\/wp-json\/wp\/v2\/comments?post=105"}],"version-history":[{"count":0,"href":"https:\/\/www.lugarvazio.com.br\/blog\/wp-json\/wp\/v2\/pages\/105\/revisions"}],"wp:attachment":[{"href":"https:\/\/www.lugarvazio.com.br\/blog\/wp-json\/wp\/v2\/media?parent=105"}],"curies":[{"name":"wp","href":"https:\/\/api.w.org\/{rel}","templated":true}]}}